{"id":139,"date":"2020-01-31T14:18:12","date_gmt":"2020-01-31T14:18:12","guid":{"rendered":"https:\/\/golfotakeliai.lt\/?page_id=139"},"modified":"2023-08-24T12:21:34","modified_gmt":"2023-08-24T12:21:34","slug":"kliutys","status":"publish","type":"page","link":"https:\/\/golfotakeliai.lt\/lt\/atributika\/kliutys\/","title":{"rendered":"Kli\u016btys"},"content":{"rendered":"\t\t<div data-elementor-type=\"wp-page\" data-elementor-id=\"139\" class=\"elementor elementor-139\">\n\t\t\t\t\t\t<section class=\"elementor-section elementor-top-section elementor-element elementor-element-bb5f4ad elementor-section-content-middle elementor-section-boxed elementor-section-height-default elementor-section-height-default\" data-id=\"bb5f4ad\" data-element_type=\"section\">\n\t\t\t\t\t\t<div class=\"elementor-container elementor-column-gap-default\">\n\t\t\t\t\t<div class=\"elementor-column elementor-col-100 elementor-top-column elementor-element elementor-element-371156f\" data-id=\"371156f\" data-element_type=\"column\">\n\t\t\t<div class=\"elementor-widget-wrap elementor-element-populated\">\n\t\t\t\t\t\t<section class=\"elementor-section elementor-inner-section elementor-element elementor-element-a0b5fca elementor-section-boxed elementor-section-height-default elementor-section-height-default\" data-id=\"a0b5fca\" data-element_type=\"section\">\n\t\t\t\t\t\t<div class=\"elementor-container elementor-column-gap-wider\">\n\t\t\t\t\t<div class=\"elementor-column elementor-col-33 elementor-inner-column elementor-element elementor-element-45f9229\" data-id=\"45f9229\" data-element_type=\"column\">\n\t\t\t<div class=\"elementor-widget-wrap elementor-element-populated\">\n\t\t\t\t\t\t<div class=\"elementor-element elementor-element-d9ed723 elementor-widget elementor-widget-image\" data-id=\"d9ed723\" data-element_type=\"widget\" data-widget_type=\"image.default\">\n\t\t\t\t<div class=\"elementor-widget-container\">\n\t\t\t\t\t\t\t\t\t\t\t\t\t\t<a href=\"https:\/\/golfotakeliai.lt\/wp-content\/uploads\/2020\/10\/1-web-1.jpg\" data-elementor-open-lightbox=\"yes\" data-elementor-lightbox-title=\"golfptakeliai.lt\" data-e-action-hash=\"#elementor-action%3Aaction%3Dlightbox%26settings%3DeyJpZCI6NjU5LCJ1cmwiOiJodHRwczpcL1wvZ29sZm90YWtlbGlhaS5sdFwvd3AtY29udGVudFwvdXBsb2Fkc1wvMjAyMFwvMTBcLzEtd2ViLTEuanBnIn0%3D\">\n\t\t\t\t\t\t\t<img fetchpriority=\"high\" decoding=\"async\" width=\"675\" height=\"900\" src=\"https:\/\/golfotakeliai.lt\/wp-content\/uploads\/2020\/10\/1-web-1.jpg\" class=\"attachment-medium_large size-medium_large wp-image-659\" alt=\"kliutys-golfotakeliai.lt\" srcset=\"https:\/\/golfotakeliai.lt\/wp-content\/uploads\/2020\/10\/1-web-1.jpg 675w, https:\/\/golfotakeliai.lt\/wp-content\/uploads\/2020\/10\/1-web-1-225x300.jpg 225w\" sizes=\"(max-width: 675px) 100vw, 675px\" \/>\t\t\t\t\t\t\t\t<\/a>\n\t\t\t\t\t\t\t\t\t\t\t\t\t<\/div>\n\t\t\t\t<\/div>\n\t\t\t\t<div class=\"elementor-element elementor-element-bf513a4 elementor-widget elementor-widget-heading\" data-id=\"bf513a4\" data-element_type=\"widget\" data-widget_type=\"heading.default\">\n\t\t\t\t<div class=\"elementor-widget-container\">\n\t\t\t<h3 class=\"elementor-heading-title elementor-size-default\">Kli\u016btys #1<\/h3>\t\t<\/div>\n\t\t\t\t<\/div>\n\t\t\t\t\t<\/div>\n\t\t<\/div>\n\t\t\t\t<div class=\"elementor-column elementor-col-33 elementor-inner-column elementor-element elementor-element-855b219\" data-id=\"855b219\" data-element_type=\"column\">\n\t\t\t<div class=\"elementor-widget-wrap elementor-element-populated\">\n\t\t\t\t\t\t<div class=\"elementor-element elementor-element-c5dbe36 elementor-widget elementor-widget-image\" data-id=\"c5dbe36\" data-element_type=\"widget\" data-widget_type=\"image.default\">\n\t\t\t\t<div class=\"elementor-widget-container\">\n\t\t\t\t\t\t\t\t\t\t\t\t\t\t<a href=\"https:\/\/golfotakeliai.lt\/wp-content\/uploads\/2020\/10\/2-web-1.jpg\" data-elementor-open-lightbox=\"yes\" data-elementor-lightbox-title=\"golfotakeliai.lt\" data-e-action-hash=\"#elementor-action%3Aaction%3Dlightbox%26settings%3DeyJpZCI6NjYxLCJ1cmwiOiJodHRwczpcL1wvZ29sZm90YWtlbGlhaS5sdFwvd3AtY29udGVudFwvdXBsb2Fkc1wvMjAyMFwvMTBcLzItd2ViLTEuanBnIn0%3D\">\n\t\t\t\t\t\t\t<img decoding=\"async\" width=\"675\" height=\"900\" src=\"https:\/\/golfotakeliai.lt\/wp-content\/uploads\/2020\/10\/2-web-1.jpg\" class=\"attachment-medium_large size-medium_large wp-image-661\" alt=\"kliutys-golfotakeliai.lt\" srcset=\"https:\/\/golfotakeliai.lt\/wp-content\/uploads\/2020\/10\/2-web-1.jpg 675w, https:\/\/golfotakeliai.lt\/wp-content\/uploads\/2020\/10\/2-web-1-225x300.jpg 225w\" sizes=\"(max-width: 675px) 100vw, 675px\" \/>\t\t\t\t\t\t\t\t<\/a>\n\t\t\t\t\t\t\t\t\t\t\t\t\t<\/div>\n\t\t\t\t<\/div>\n\t\t\t\t<div class=\"elementor-element elementor-element-989c7bb elementor-widget elementor-widget-heading\" data-id=\"989c7bb\" data-element_type=\"widget\" data-widget_type=\"heading.default\">\n\t\t\t\t<div class=\"elementor-widget-container\">\n\t\t\t<h3 class=\"elementor-heading-title elementor-size-default\">Kli\u016btys #2<\/h3>\t\t<\/div>\n\t\t\t\t<\/div>\n\t\t\t\t\t<\/div>\n\t\t<\/div>\n\t\t\t\t<div class=\"elementor-column elementor-col-33 elementor-inner-column elementor-element elementor-element-f00c1aa\" data-id=\"f00c1aa\" data-element_type=\"column\">\n\t\t\t<div class=\"elementor-widget-wrap elementor-element-populated\">\n\t\t\t\t\t\t<div class=\"elementor-element elementor-element-5eba37a elementor-widget elementor-widget-image\" data-id=\"5eba37a\" data-element_type=\"widget\" data-widget_type=\"image.default\">\n\t\t\t\t<div class=\"elementor-widget-container\">\n\t\t\t\t\t\t\t\t\t\t\t\t\t\t<a href=\"https:\/\/golfotakeliai.lt\/wp-content\/uploads\/2020\/10\/1111-1.jpg\" data-elementor-open-lightbox=\"yes\" data-elementor-lightbox-title=\"golfotakeliai.lt\" data-e-action-hash=\"#elementor-action%3Aaction%3Dlightbox%26settings%3DeyJpZCI6NjY3LCJ1cmwiOiJodHRwczpcL1wvZ29sZm90YWtlbGlhaS5sdFwvd3AtY29udGVudFwvdXBsb2Fkc1wvMjAyMFwvMTBcLzExMTEtMS5qcGcifQ%3D%3D\">\n\t\t\t\t\t\t\t<img decoding=\"async\" width=\"675\" height=\"900\" src=\"https:\/\/golfotakeliai.lt\/wp-content\/uploads\/2020\/10\/1111-1.jpg\" class=\"attachment-medium_large size-medium_large wp-image-667\" alt=\"kliutys-golfotakeliai.lt\" srcset=\"https:\/\/golfotakeliai.lt\/wp-content\/uploads\/2020\/10\/1111-1.jpg 675w, https:\/\/golfotakeliai.lt\/wp-content\/uploads\/2020\/10\/1111-1-225x300.jpg 225w\" sizes=\"(max-width: 675px) 100vw, 675px\" \/>\t\t\t\t\t\t\t\t<\/a>\n\t\t\t\t\t\t\t\t\t\t\t\t\t<\/div>\n\t\t\t\t<\/div>\n\t\t\t\t<div class=\"elementor-element elementor-element-bd8dfa2 elementor-widget elementor-widget-heading\" data-id=\"bd8dfa2\" data-element_type=\"widget\" data-widget_type=\"heading.default\">\n\t\t\t\t<div class=\"elementor-widget-container\">\n\t\t\t<h3 class=\"elementor-heading-title elementor-size-default\">Kli\u016btys #3<\/h3>\t\t<\/div>\n\t\t\t\t<\/div>\n\t\t\t\t\t<\/div>\n\t\t<\/div>\n\t\t\t\t\t<\/div>\n\t\t<\/section>\n\t\t\t\t<section class=\"elementor-section elementor-inner-section elementor-element elementor-element-d798c37 elementor-section-boxed elementor-section-height-default elementor-section-height-default\" data-id=\"d798c37\" data-element_type=\"section\">\n\t\t\t\t\t\t<div class=\"elementor-container elementor-column-gap-wider\">\n\t\t\t\t\t<div class=\"elementor-column elementor-col-33 elementor-inner-column elementor-element elementor-element-a8f7a23\" data-id=\"a8f7a23\" data-element_type=\"column\">\n\t\t\t<div class=\"elementor-widget-wrap elementor-element-populated\">\n\t\t\t\t\t\t<div class=\"elementor-element elementor-element-72f4361 elementor-widget elementor-widget-image\" data-id=\"72f4361\" data-element_type=\"widget\" data-widget_type=\"image.default\">\n\t\t\t\t<div class=\"elementor-widget-container\">\n\t\t\t\t\t\t\t\t\t\t\t\t\t\t<a href=\"https:\/\/golfotakeliai.lt\/wp-content\/uploads\/2020\/10\/7-web-1.jpg\" data-elementor-open-lightbox=\"yes\" data-elementor-lightbox-title=\"golfotakeliai.lt\" data-e-action-hash=\"#elementor-action%3Aaction%3Dlightbox%26settings%3DeyJpZCI6NjY5LCJ1cmwiOiJodHRwczpcL1wvZ29sZm90YWtlbGlhaS5sdFwvd3AtY29udGVudFwvdXBsb2Fkc1wvMjAyMFwvMTBcLzctd2ViLTEuanBnIn0%3D\">\n\t\t\t\t\t\t\t<img loading=\"lazy\" decoding=\"async\" width=\"768\" height=\"567\" src=\"https:\/\/golfotakeliai.lt\/wp-content\/uploads\/2020\/10\/7-web-1-768x567.jpg\" class=\"attachment-medium_large size-medium_large wp-image-669\" alt=\"kliutys-golfotakeliai.lt\" srcset=\"https:\/\/golfotakeliai.lt\/wp-content\/uploads\/2020\/10\/7-web-1-768x567.jpg 768w, https:\/\/golfotakeliai.lt\/wp-content\/uploads\/2020\/10\/7-web-1-300x222.jpg 300w, https:\/\/golfotakeliai.lt\/wp-content\/uploads\/2020\/10\/7-web-1.jpg 900w\" sizes=\"(max-width: 768px) 100vw, 768px\" \/>\t\t\t\t\t\t\t\t<\/a>\n\t\t\t\t\t\t\t\t\t\t\t\t\t<\/div>\n\t\t\t\t<\/div>\n\t\t\t\t<div class=\"elementor-element elementor-element-da7bf20 elementor-widget elementor-widget-heading\" data-id=\"da7bf20\" data-element_type=\"widget\" data-widget_type=\"heading.default\">\n\t\t\t\t<div class=\"elementor-widget-container\">\n\t\t\t<h3 class=\"elementor-heading-title elementor-size-default\">Kli\u016btys #4<\/h3>\t\t<\/div>\n\t\t\t\t<\/div>\n\t\t\t\t\t<\/div>\n\t\t<\/div>\n\t\t\t\t<div class=\"elementor-column elementor-col-33 elementor-inner-column elementor-element elementor-element-f792f47\" data-id=\"f792f47\" data-element_type=\"column\">\n\t\t\t<div class=\"elementor-widget-wrap elementor-element-populated\">\n\t\t\t\t\t\t<div class=\"elementor-element elementor-element-e718aa0 elementor-widget elementor-widget-image\" data-id=\"e718aa0\" data-element_type=\"widget\" data-widget_type=\"image.default\">\n\t\t\t\t<div class=\"elementor-widget-container\">\n\t\t\t\t\t\t\t\t\t\t\t\t\t\t<a href=\"https:\/\/golfotakeliai.lt\/wp-content\/uploads\/2020\/10\/8-web.jpg\" data-elementor-open-lightbox=\"yes\" data-elementor-lightbox-title=\"golfotakeliai.lt\" data-e-action-hash=\"#elementor-action%3Aaction%3Dlightbox%26settings%3DeyJpZCI6NjcxLCJ1cmwiOiJodHRwczpcL1wvZ29sZm90YWtlbGlhaS5sdFwvd3AtY29udGVudFwvdXBsb2Fkc1wvMjAyMFwvMTBcLzgtd2ViLmpwZyJ9\">\n\t\t\t\t\t\t\t<img loading=\"lazy\" decoding=\"async\" width=\"768\" height=\"568\" src=\"https:\/\/golfotakeliai.lt\/wp-content\/uploads\/2020\/10\/8-web-768x568.jpg\" class=\"attachment-medium_large size-medium_large wp-image-671\" alt=\"kliutys-golfotakeliai.lt\" srcset=\"https:\/\/golfotakeliai.lt\/wp-content\/uploads\/2020\/10\/8-web-768x568.jpg 768w, https:\/\/golfotakeliai.lt\/wp-content\/uploads\/2020\/10\/8-web-300x222.jpg 300w, https:\/\/golfotakeliai.lt\/wp-content\/uploads\/2020\/10\/8-web.jpg 900w\" sizes=\"(max-width: 768px) 100vw, 768px\" \/>\t\t\t\t\t\t\t\t<\/a>\n\t\t\t\t\t\t\t\t\t\t\t\t\t<\/div>\n\t\t\t\t<\/div>\n\t\t\t\t<div class=\"elementor-element elementor-element-13fa0c0 elementor-widget elementor-widget-heading\" data-id=\"13fa0c0\" data-element_type=\"widget\" data-widget_type=\"heading.default\">\n\t\t\t\t<div class=\"elementor-widget-container\">\n\t\t\t<h3 class=\"elementor-heading-title elementor-size-default\">Kli\u016btys #5<\/h3>\t\t<\/div>\n\t\t\t\t<\/div>\n\t\t\t\t\t<\/div>\n\t\t<\/div>\n\t\t\t\t<div class=\"elementor-column elementor-col-33 elementor-inner-column elementor-element elementor-element-a808050\" data-id=\"a808050\" data-element_type=\"column\">\n\t\t\t<div class=\"elementor-widget-wrap elementor-element-populated\">\n\t\t\t\t\t\t<div class=\"elementor-element elementor-element-35881d4 elementor-widget elementor-widget-image\" data-id=\"35881d4\" data-element_type=\"widget\" data-widget_type=\"image.default\">\n\t\t\t\t<div class=\"elementor-widget-container\">\n\t\t\t\t\t\t\t\t\t\t\t\t\t\t<a href=\"https:\/\/golfotakeliai.lt\/wp-content\/uploads\/2020\/10\/10-web.jpg\" data-elementor-open-lightbox=\"yes\" data-elementor-lightbox-title=\"golfotakeliai.lt\" data-e-action-hash=\"#elementor-action%3Aaction%3Dlightbox%26settings%3DeyJpZCI6NjczLCJ1cmwiOiJodHRwczpcL1wvZ29sZm90YWtlbGlhaS5sdFwvd3AtY29udGVudFwvdXBsb2Fkc1wvMjAyMFwvMTBcLzEwLXdlYi5qcGcifQ%3D%3D\">\n\t\t\t\t\t\t\t<img loading=\"lazy\" decoding=\"async\" width=\"768\" height=\"567\" src=\"https:\/\/golfotakeliai.lt\/wp-content\/uploads\/2020\/10\/10-web-768x567.jpg\" class=\"attachment-medium_large size-medium_large wp-image-673\" alt=\"kliutys-golfotakeliai.lt\" srcset=\"https:\/\/golfotakeliai.lt\/wp-content\/uploads\/2020\/10\/10-web-768x567.jpg 768w, https:\/\/golfotakeliai.lt\/wp-content\/uploads\/2020\/10\/10-web-300x222.jpg 300w, https:\/\/golfotakeliai.lt\/wp-content\/uploads\/2020\/10\/10-web.jpg 900w\" sizes=\"(max-width: 768px) 100vw, 768px\" \/>\t\t\t\t\t\t\t\t<\/a>\n\t\t\t\t\t\t\t\t\t\t\t\t\t<\/div>\n\t\t\t\t<\/div>\n\t\t\t\t<div class=\"elementor-element elementor-element-72d7b9d elementor-widget elementor-widget-heading\" data-id=\"72d7b9d\" data-element_type=\"widget\" data-widget_type=\"heading.default\">\n\t\t\t\t<div class=\"elementor-widget-container\">\n\t\t\t<h3 class=\"elementor-heading-title elementor-size-default\">Kli\u016btys #6<\/h3>\t\t<\/div>\n\t\t\t\t<\/div>\n\t\t\t\t\t<\/div>\n\t\t<\/div>\n\t\t\t\t\t<\/div>\n\t\t<\/section>\n\t\t\t\t<section class=\"elementor-section elementor-inner-section elementor-element elementor-element-43d358c elementor-section-boxed elementor-section-height-default elementor-section-height-default\" data-id=\"43d358c\" data-element_type=\"section\">\n\t\t\t\t\t\t<div class=\"elementor-container elementor-column-gap-wider\">\n\t\t\t\t\t<div class=\"elementor-column elementor-col-100 elementor-inner-column elementor-element elementor-element-54fdfaf\" data-id=\"54fdfaf\" data-element_type=\"column\">\n\t\t\t<div class=\"elementor-widget-wrap elementor-element-populated\">\n\t\t\t\t\t\t<div class=\"elementor-element elementor-element-dfa8e39 elementor-widget elementor-widget-image\" data-id=\"dfa8e39\" data-element_type=\"widget\" data-widget_type=\"image.default\">\n\t\t\t\t<div class=\"elementor-widget-container\">\n\t\t\t\t\t\t\t\t\t\t\t\t\t\t<a href=\"https:\/\/golfotakeliai.lt\/wp-content\/uploads\/2020\/10\/15-web.jpg\" data-elementor-open-lightbox=\"yes\" data-elementor-lightbox-title=\"golfotakeliai.lt\" data-e-action-hash=\"#elementor-action%3Aaction%3Dlightbox%26settings%3DeyJpZCI6Njc2LCJ1cmwiOiJodHRwczpcL1wvZ29sZm90YWtlbGlhaS5sdFwvd3AtY29udGVudFwvdXBsb2Fkc1wvMjAyMFwvMTBcLzE1LXdlYi5qcGcifQ%3D%3D\">\n\t\t\t\t\t\t\t<img loading=\"lazy\" decoding=\"async\" width=\"215\" height=\"300\" src=\"https:\/\/golfotakeliai.lt\/wp-content\/uploads\/2020\/10\/15-web-215x300.jpg\" class=\"attachment-medium size-medium wp-image-676\" alt=\"kliutys-golfotakeliai.lt\" srcset=\"https:\/\/golfotakeliai.lt\/wp-content\/uploads\/2020\/10\/15-web-215x300.jpg 215w, https:\/\/golfotakeliai.lt\/wp-content\/uploads\/2020\/10\/15-web.jpg 644w\" sizes=\"(max-width: 215px) 100vw, 215px\" \/>\t\t\t\t\t\t\t\t<\/a>\n\t\t\t\t\t\t\t\t\t\t\t\t\t<\/div>\n\t\t\t\t<\/div>\n\t\t\t\t<div class=\"elementor-element elementor-element-b179f27 elementor-widget elementor-widget-heading\" data-id=\"b179f27\" data-element_type=\"widget\" data-widget_type=\"heading.default\">\n\t\t\t\t<div class=\"elementor-widget-container\">\n\t\t\t<h3 class=\"elementor-heading-title elementor-size-default\">Kli\u016btys #4<\/h3>\t\t<\/div>\n\t\t\t\t<\/div>\n\t\t\t\t\t<\/div>\n\t\t<\/div>\n\t\t\t\t\t<\/div>\n\t\t<\/section>\n\t\t\t\t\t<\/div>\n\t\t<\/div>\n\t\t\t\t\t<\/div>\n\t\t<\/section>\n\t\t\t\t<\/div>\n\t\t","protected":false},"excerpt":{"rendered":"<p>Kli\u016btys #1 U\u017esisakyk Kli\u016btys #2 U\u017esisakyk Kli\u016btys #3 U\u017esisakyk Kli\u016btys #4 U\u017esisakyk Kli\u016btys #5 U\u017esisakyk Kli\u016btys #6 U\u017esisakyk Kli\u016btys #4 U\u017esisakyk<\/p>\n","protected":false},"author":1,"featured_media":0,"parent":538,"menu_order":0,"comment_status":"closed","ping_status":"closed","template":"elementor_header_footer","meta":{"ocean_post_layout":"","ocean_both_sidebars_style":"","ocean_both_sidebars_content_width":0,"ocean_both_sidebars_sidebars_width":0,"ocean_sidebar":"0","ocean_second_sidebar":"0","ocean_disable_margins":"enable","ocean_add_body_class":"","ocean_shortcode_before_top_bar":"","ocean_shortcode_after_top_bar":"","ocean_shortcode_before_header":"","ocean_shortcode_after_header":"","ocean_has_shortcode":"","ocean_shortcode_after_title":"","ocean_shortcode_before_footer_widgets":"","ocean_shortcode_after_footer_widgets":"","ocean_shortcode_before_footer_bottom":"","ocean_shortcode_after_footer_bottom":"","ocean_display_top_bar":"default","ocean_display_header":"default","ocean_header_style":"","ocean_center_header_left_menu":"0","ocean_custom_header_template":"0","ocean_custom_logo":0,"ocean_custom_retina_logo":0,"ocean_custom_logo_max_width":0,"ocean_custom_logo_tablet_max_width":0,"ocean_custom_logo_mobile_max_width":0,"ocean_custom_logo_max_height":0,"ocean_custom_logo_tablet_max_height":0,"ocean_custom_logo_mobile_max_height":0,"ocean_header_custom_menu":"0","ocean_menu_typo_font_family":"0","ocean_menu_typo_font_subset":"","ocean_menu_typo_font_size":0,"ocean_menu_typo_font_size_tablet":0,"ocean_menu_typo_font_size_mobile":0,"ocean_menu_typo_font_size_unit":"px","ocean_menu_typo_font_weight":"","ocean_menu_typo_font_weight_tablet":"","ocean_menu_typo_font_weight_mobile":"","ocean_menu_typo_transform":"","ocean_menu_typo_transform_tablet":"","ocean_menu_typo_transform_mobile":"","ocean_menu_typo_line_height":0,"ocean_menu_typo_line_height_tablet":0,"ocean_menu_typo_line_height_mobile":0,"ocean_menu_typo_line_height_unit":"","ocean_menu_typo_spacing":0,"ocean_menu_typo_spacing_tablet":0,"ocean_menu_typo_spacing_mobile":0,"ocean_menu_typo_spacing_unit":"","ocean_menu_link_color":"","ocean_menu_link_color_hover":"","ocean_menu_link_color_active":"","ocean_menu_link_background":"","ocean_menu_link_hover_background":"","ocean_menu_link_active_background":"","ocean_menu_social_links_bg":"","ocean_menu_social_hover_links_bg":"","ocean_menu_social_links_color":"","ocean_menu_social_hover_links_color":"","ocean_disable_title":"default","ocean_disable_heading":"default","ocean_post_title":"","ocean_post_subheading":"","ocean_post_title_style":"","ocean_post_title_background_color":"","ocean_post_title_background":0,"ocean_post_title_bg_image_position":"","ocean_post_title_bg_image_attachment":"","ocean_post_title_bg_image_repeat":"","ocean_post_title_bg_image_size":"","ocean_post_title_height":0,"ocean_post_title_bg_overlay":0.5,"ocean_post_title_bg_overlay_color":"","ocean_disable_breadcrumbs":"default","ocean_breadcrumbs_color":"","ocean_breadcrumbs_separator_color":"","ocean_breadcrumbs_links_color":"","ocean_breadcrumbs_links_hover_color":"","ocean_display_footer_widgets":"default","ocean_display_footer_bottom":"default","ocean_custom_footer_template":"0","footnotes":""},"_links":{"self":[{"href":"https:\/\/golfotakeliai.lt\/lt\/wp-json\/wp\/v2\/pages\/139"}],"collection":[{"href":"https:\/\/golfotakeliai.lt\/lt\/wp-json\/wp\/v2\/pages"}],"about":[{"href":"https:\/\/golfotakeliai.lt\/lt\/wp-json\/wp\/v2\/types\/page"}],"author":[{"embeddable":true,"href":"https:\/\/golfotakeliai.lt\/lt\/wp-json\/wp\/v2\/users\/1"}],"replies":[{"embeddable":true,"href":"https:\/\/golfotakeliai.lt\/lt\/wp-json\/wp\/v2\/comments?post=139"}],"version-history":[{"count":13,"href":"https:\/\/golfotakeliai.lt\/lt\/wp-json\/wp\/v2\/pages\/139\/revisions"}],"predecessor-version":[{"id":814,"href":"https:\/\/golfotakeliai.lt\/lt\/wp-json\/wp\/v2\/pages\/139\/revisions\/814"}],"up":[{"embeddable":true,"href":"https:\/\/golfotakeliai.lt\/lt\/wp-json\/wp\/v2\/pages\/538"}],"wp:attachment":[{"href":"https:\/\/golfotakeliai.lt\/lt\/wp-json\/wp\/v2\/media?parent=139"}],"curies":[{"name":"wp","href":"https:\/\/api.w.org\/{rel}","templated":true}]}}