{"id":144,"date":"2020-01-31T14:20:03","date_gmt":"2020-01-31T14:20:03","guid":{"rendered":"https:\/\/golfotakeliai.lt\/?page_id=144"},"modified":"2023-08-24T12:20:59","modified_gmt":"2023-08-24T12:20:59","slug":"kepuraites","status":"publish","type":"page","link":"https:\/\/golfotakeliai.lt\/en\/atributika\/kepuraites\/","title":{"rendered":"Caps"},"content":{"rendered":"<div data-elementor-type=\"wp-page\" data-elementor-id=\"144\" class=\"elementor elementor-144\">\n\t\t\t\t\t\t<section class=\"elementor-section elementor-top-section elementor-element elementor-element-bb5f4ad elementor-section-content-middle elementor-section-boxed elementor-section-height-default elementor-section-height-default\" data-id=\"bb5f4ad\" data-element_type=\"section\">\n\t\t\t\t\t\t<div class=\"elementor-container elementor-column-gap-default\">\n\t\t\t\t\t<div class=\"elementor-column elementor-col-100 elementor-top-column elementor-element elementor-element-371156f\" data-id=\"371156f\" data-element_type=\"column\">\n\t\t\t<div class=\"elementor-widget-wrap elementor-element-populated\">\n\t\t\t\t\t\t<section class=\"elementor-section elementor-inner-section elementor-element elementor-element-a0b5fca elementor-section-boxed elementor-section-height-default elementor-section-height-default\" data-id=\"a0b5fca\" data-element_type=\"section\">\n\t\t\t\t\t\t<div class=\"elementor-container elementor-column-gap-wider\">\n\t\t\t\t\t<div class=\"elementor-column elementor-col-33 elementor-inner-column elementor-element elementor-element-45f9229\" data-id=\"45f9229\" data-element_type=\"column\">\n\t\t\t<div class=\"elementor-widget-wrap elementor-element-populated\">\n\t\t\t\t\t\t<div class=\"elementor-element elementor-element-d9ed723 elementor-widget elementor-widget-image\" data-id=\"d9ed723\" data-element_type=\"widget\" data-widget_type=\"image.default\">\n\t\t\t\t<div class=\"elementor-widget-container\">\n\t\t\t\t\t\t\t\t\t\t\t\t\t\t<a href=\"https:\/\/golfotakeliai.lt\/wp-content\/uploads\/2020\/10\/9.jpg\" data-elementor-open-lightbox=\"yes\" data-elementor-lightbox-title=\"golfotakeliai.lt\" data-e-action-hash=\"#elementor-action%3Aaction%3Dlightbox%26settings%3DeyJpZCI6NjU2LCJ1cmwiOiJodHRwczpcL1wvZ29sZm90YWtlbGlhaS5sdFwvd3AtY29udGVudFwvdXBsb2Fkc1wvMjAyMFwvMTBcLzkuanBnIn0%3D\">\n\t\t\t\t\t\t\t<img fetchpriority=\"high\" decoding=\"async\" width=\"768\" height=\"511\" src=\"https:\/\/golfotakeliai.lt\/wp-content\/uploads\/2020\/10\/9-768x511.jpg\" class=\"attachment-medium_large size-medium_large wp-image-656\" alt=\"kepuraites-golfotakeliai.lt\" srcset=\"https:\/\/golfotakeliai.lt\/wp-content\/uploads\/2020\/10\/9-768x511.jpg 768w, https:\/\/golfotakeliai.lt\/wp-content\/uploads\/2020\/10\/9-300x200.jpg 300w, https:\/\/golfotakeliai.lt\/wp-content\/uploads\/2020\/10\/9.jpg 900w\" sizes=\"(max-width: 768px) 100vw, 768px\" \/>\t\t\t\t\t\t\t\t<\/a>\n\t\t\t\t\t\t\t\t\t\t\t\t\t<\/div>\n\t\t\t\t<\/div>\n\t\t\t\t<div class=\"elementor-element elementor-element-bf513a4 elementor-widget elementor-widget-heading\" data-id=\"bf513a4\" data-element_type=\"widget\" data-widget_type=\"heading.default\">\n\t\t\t\t<div class=\"elementor-widget-container\">\n\t\t\t<h3 class=\"elementor-heading-title elementor-size-default\">Caps #1<\/h3>\t\t<\/div>\n\t\t\t\t<\/div>\n\t\t\t\t\t<\/div>\n\t\t<\/div>\n\t\t\t\t<div class=\"elementor-column elementor-col-33 elementor-inner-column elementor-element elementor-element-855b219\" data-id=\"855b219\" data-element_type=\"column\">\n\t\t\t<div class=\"elementor-widget-wrap elementor-element-populated\">\n\t\t\t\t\t\t<div class=\"elementor-element elementor-element-c5dbe36 elementor-widget elementor-widget-image\" data-id=\"c5dbe36\" data-element_type=\"widget\" data-widget_type=\"image.default\">\n\t\t\t\t<div class=\"elementor-widget-container\">\n\t\t\t\t\t\t\t\t\t\t\t\t\t\t<a href=\"https:\/\/golfotakeliai.lt\/wp-content\/uploads\/2020\/10\/11-web.jpg\" data-elementor-open-lightbox=\"yes\" data-elementor-lightbox-title=\"golfotakeliai.lt\" data-e-action-hash=\"#elementor-action%3Aaction%3Dlightbox%26settings%3DeyJpZCI6NjU3LCJ1cmwiOiJodHRwczpcL1wvZ29sZm90YWtlbGlhaS5sdFwvd3AtY29udGVudFwvdXBsb2Fkc1wvMjAyMFwvMTBcLzExLXdlYi5qcGcifQ%3D%3D\">\n\t\t\t\t\t\t\t<img decoding=\"async\" width=\"768\" height=\"511\" src=\"https:\/\/golfotakeliai.lt\/wp-content\/uploads\/2020\/10\/11-web-768x511.jpg\" class=\"attachment-medium_large size-medium_large wp-image-657\" alt=\"kepuraites-golfotakeliai.lt\" srcset=\"https:\/\/golfotakeliai.lt\/wp-content\/uploads\/2020\/10\/11-web-768x511.jpg 768w, https:\/\/golfotakeliai.lt\/wp-content\/uploads\/2020\/10\/11-web-300x200.jpg 300w, https:\/\/golfotakeliai.lt\/wp-content\/uploads\/2020\/10\/11-web.jpg 900w\" sizes=\"(max-width: 768px) 100vw, 768px\" \/>\t\t\t\t\t\t\t\t<\/a>\n\t\t\t\t\t\t\t\t\t\t\t\t\t<\/div>\n\t\t\t\t<\/div>\n\t\t\t\t<div class=\"elementor-element elementor-element-989c7bb elementor-widget elementor-widget-heading\" data-id=\"989c7bb\" data-element_type=\"widget\" data-widget_type=\"heading.default\">\n\t\t\t\t<div class=\"elementor-widget-container\">\n\t\t\t<h3 class=\"elementor-heading-title elementor-size-default\">Caps #2<\/h3>\t\t<\/div>\n\t\t\t\t<\/div>\n\t\t\t\t\t<\/div>\n\t\t<\/div>\n\t\t\t\t<div class=\"elementor-column elementor-col-33 elementor-inner-column elementor-element elementor-element-f00c1aa\" data-id=\"f00c1aa\" data-element_type=\"column\">\n\t\t\t<div class=\"elementor-widget-wrap elementor-element-populated\">\n\t\t\t\t\t\t<div class=\"elementor-element elementor-element-5eba37a elementor-widget elementor-widget-image\" data-id=\"5eba37a\" data-element_type=\"widget\" data-widget_type=\"image.default\">\n\t\t\t\t<div class=\"elementor-widget-container\">\n\t\t\t\t\t\t\t\t\t\t\t\t\t\t<a href=\"https:\/\/golfotakeliai.lt\/wp-content\/uploads\/2020\/02\/golf-ball-1480595_1920.jpeg\" data-elementor-open-lightbox=\"yes\" data-e-action-hash=\"#elementor-action%3Aaction%3Dlightbox%26settings%3DeyJpZCI6MTY4LCJ1cmwiOiJodHRwczpcL1wvZ29sZm90YWtlbGlhaS5sdFwvd3AtY29udGVudFwvdXBsb2Fkc1wvMjAyMFwvMDJcL2dvbGYtYmFsbC0xNDgwNTk1XzE5MjAuanBlZyJ9\">\n\t\t\t\t\t\t\t<img decoding=\"async\" width=\"768\" height=\"576\" src=\"https:\/\/golfotakeliai.lt\/wp-content\/uploads\/2020\/02\/golf-ball-1480595_1920-768x576.jpeg\" class=\"attachment-medium_large size-medium_large wp-image-168\" alt=\"\" srcset=\"https:\/\/golfotakeliai.lt\/wp-content\/uploads\/2020\/02\/golf-ball-1480595_1920-768x576.jpeg 768w, https:\/\/golfotakeliai.lt\/wp-content\/uploads\/2020\/02\/golf-ball-1480595_1920-300x225.jpeg 300w, https:\/\/golfotakeliai.lt\/wp-content\/uploads\/2020\/02\/golf-ball-1480595_1920-1024x768.jpeg 1024w, https:\/\/golfotakeliai.lt\/wp-content\/uploads\/2020\/02\/golf-ball-1480595_1920-1536x1152.jpeg 1536w, https:\/\/golfotakeliai.lt\/wp-content\/uploads\/2020\/02\/golf-ball-1480595_1920.jpeg 1920w\" sizes=\"(max-width: 768px) 100vw, 768px\" \/>\t\t\t\t\t\t\t\t<\/a>\n\t\t\t\t\t\t\t\t\t\t\t\t\t<\/div>\n\t\t\t\t<\/div>\n\t\t\t\t<div class=\"elementor-element elementor-element-bd8dfa2 elementor-widget elementor-widget-heading\" data-id=\"bd8dfa2\" data-element_type=\"widget\" data-widget_type=\"heading.default\">\n\t\t\t\t<div class=\"elementor-widget-container\">\n\t\t\t<h3 class=\"elementor-heading-title elementor-size-default\">Caps #3<\/h3>\t\t<\/div>\n\t\t\t\t<\/div>\n\t\t\t\t\t<\/div>\n\t\t<\/div>\n\t\t\t\t\t<\/div>\n\t\t<\/section>\n\t\t\t\t\t<\/div>\n\t\t<\/div>\n\t\t\t\t\t<\/div>\n\t\t<\/section>\n\t\t\t\t<\/div>","protected":false},"excerpt":{"rendered":"<p>Kepuraites #1 U\u017esisakyk Kepuraites #2 U\u017esisakyk Kepuraites #3 U\u017esisakyk<\/p>","protected":false},"author":1,"featured_media":0,"parent":538,"menu_order":0,"comment_status":"closed","ping_status":"closed","template":"elementor_header_footer","meta":{"ocean_post_layout":"","ocean_both_sidebars_style":"","ocean_both_sidebars_content_width":0,"ocean_both_sidebars_sidebars_width":0,"ocean_sidebar":"0","ocean_second_sidebar":"0","ocean_disable_margins":"enable","ocean_add_body_class":"","ocean_shortcode_before_top_bar":"","ocean_shortcode_after_top_bar":"","ocean_shortcode_before_header":"","ocean_shortcode_after_header":"","ocean_has_shortcode":"","ocean_shortcode_after_title":"","ocean_shortcode_before_footer_widgets":"","ocean_shortcode_after_footer_widgets":"","ocean_shortcode_before_footer_bottom":"","ocean_shortcode_after_footer_bottom":"","ocean_display_top_bar":"default","ocean_display_header":"default","ocean_header_style":"","ocean_center_header_left_menu":"0","ocean_custom_header_template":"0","ocean_custom_logo":0,"ocean_custom_retina_logo":0,"ocean_custom_logo_max_width":0,"ocean_custom_logo_tablet_max_width":0,"ocean_custom_logo_mobile_max_width":0,"ocean_custom_logo_max_height":0,"ocean_custom_logo_tablet_max_height":0,"ocean_custom_logo_mobile_max_height":0,"ocean_header_custom_menu":"0","ocean_menu_typo_font_family":"0","ocean_menu_typo_font_subset":"","ocean_menu_typo_font_size":0,"ocean_menu_typo_font_size_tablet":0,"ocean_menu_typo_font_size_mobile":0,"ocean_menu_typo_font_size_unit":"px","ocean_menu_typo_font_weight":"","ocean_menu_typo_font_weight_tablet":"","ocean_menu_typo_font_weight_mobile":"","ocean_menu_typo_transform":"","ocean_menu_typo_transform_tablet":"","ocean_menu_typo_transform_mobile":"","ocean_menu_typo_line_height":0,"ocean_menu_typo_line_height_tablet":0,"ocean_menu_typo_line_height_mobile":0,"ocean_menu_typo_line_height_unit":"","ocean_menu_typo_spacing":0,"ocean_menu_typo_spacing_tablet":0,"ocean_menu_typo_spacing_mobile":0,"ocean_menu_typo_spacing_unit":"","ocean_menu_link_color":"","ocean_menu_link_color_hover":"","ocean_menu_link_color_active":"","ocean_menu_link_background":"","ocean_menu_link_hover_background":"","ocean_menu_link_active_background":"","ocean_menu_social_links_bg":"","ocean_menu_social_hover_links_bg":"","ocean_menu_social_links_color":"","ocean_menu_social_hover_links_color":"","ocean_disable_title":"default","ocean_disable_heading":"default","ocean_post_title":"","ocean_post_subheading":"","ocean_post_title_style":"","ocean_post_title_background_color":"","ocean_post_title_background":0,"ocean_post_title_bg_image_position":"","ocean_post_title_bg_image_attachment":"","ocean_post_title_bg_image_repeat":"","ocean_post_title_bg_image_size":"","ocean_post_title_height":0,"ocean_post_title_bg_overlay":0.5,"ocean_post_title_bg_overlay_color":"","ocean_disable_breadcrumbs":"default","ocean_breadcrumbs_color":"","ocean_breadcrumbs_separator_color":"","ocean_breadcrumbs_links_color":"","ocean_breadcrumbs_links_hover_color":"","ocean_display_footer_widgets":"default","ocean_display_footer_bottom":"default","ocean_custom_footer_template":"0","footnotes":""},"_links":{"self":[{"href":"https:\/\/golfotakeliai.lt\/en\/wp-json\/wp\/v2\/pages\/144"}],"collection":[{"href":"https:\/\/golfotakeliai.lt\/en\/wp-json\/wp\/v2\/pages"}],"about":[{"href":"https:\/\/golfotakeliai.lt\/en\/wp-json\/wp\/v2\/types\/page"}],"author":[{"embeddable":true,"href":"https:\/\/golfotakeliai.lt\/en\/wp-json\/wp\/v2\/users\/1"}],"replies":[{"embeddable":true,"href":"https:\/\/golfotakeliai.lt\/en\/wp-json\/wp\/v2\/comments?post=144"}],"version-history":[{"count":10,"href":"https:\/\/golfotakeliai.lt\/en\/wp-json\/wp\/v2\/pages\/144\/revisions"}],"predecessor-version":[{"id":813,"href":"https:\/\/golfotakeliai.lt\/en\/wp-json\/wp\/v2\/pages\/144\/revisions\/813"}],"up":[{"embeddable":true,"href":"https:\/\/golfotakeliai.lt\/en\/wp-json\/wp\/v2\/pages\/538"}],"wp:attachment":[{"href":"https:\/\/golfotakeliai.lt\/en\/wp-json\/wp\/v2\/media?parent=144"}],"curies":[{"name":"wp","href":"https:\/\/api.w.org\/{rel}","templated":true}]}}